{"id":492,"date":"2025-04-09T15:54:59","date_gmt":"2025-04-09T15:54:59","guid":{"rendered":"https:\/\/dev2.n2nsoftwaredevelopment.de\/?page_id=492"},"modified":"2025-08-12T06:56:24","modified_gmt":"2025-08-12T06:56:24","slug":"impressum","status":"publish","type":"page","link":"https:\/\/www.freiebuerger-weidhausen.de\/?page_id=492","title":{"rendered":"Impressum"},"content":{"rendered":"<p>[et_pb_section fb_built=&#8220;1&#8243; next_background_color=&#8220;#fafbfc&#8220; admin_label=&#8220;Header&#8220; _builder_version=&#8220;4.27.2&#8243; background_color=&#8220;RGBA(255,255,255,0)&#8220; use_background_color_gradient=&#8220;on&#8220; background_color_gradient_stops=&#8220;rgba(255,255,255,0) 0%|rgba(43,135,218,0.29) 100%&#8220; custom_margin=&#8220;|||&#8220; custom_padding=&#8220;||10vw|&#8220; bottom_divider_style=&#8220;wave2&#8243; bottom_divider_height=&#8220;14vw&#8220; bottom_divider_repeat=&#8220;0.5x&#8220; bottom_divider_flip=&#8220;horizontal&#8220; locked=&#8220;off&#8220; global_colors_info=&#8220;{}&#8220;][et_pb_row _builder_version=&#8220;4.16&#8243; custom_padding=&#8220;||4px|||&#8220; global_colors_info=&#8220;{}&#8220;][et_pb_column type=&#8220;4_4&#8243; _builder_version=&#8220;4.16&#8243; custom_padding=&#8220;|||&#8220; global_colors_info=&#8220;{}&#8220; custom_padding__hover=&#8220;|||&#8220;][et_pb_text _builder_version=&#8220;4.27.2&#8243; text_font=&#8220;||||||||&#8220; text_font_size=&#8220;16px&#8220; text_line_height=&#8220;2em&#8220; header_font=&#8220;Ubuntu|700|||||||&#8220; header_font_size=&#8220;60px&#8220; header_line_height=&#8220;1.4em&#8220; header_3_font=&#8220;Ubuntu||||||||&#8220; header_3_text_color=&#8220;#bb7860&#8243; header_3_line_height=&#8220;1.8em&#8220; max_width=&#8220;700px&#8220; custom_margin=&#8220;|||&#8220; text_font_size_tablet=&#8220;&#8220; text_font_size_phone=&#8220;14px&#8220; text_font_size_last_edited=&#8220;on|desktop&#8220; header_font_size_tablet=&#8220;&#8220; header_font_size_phone=&#8220;32px&#8220; header_font_size_last_edited=&#8220;on|desktop&#8220; locked=&#8220;off&#8220; global_colors_info=&#8220;{}&#8220;]<\/p>\n<h1>Impressum<\/h1>\n<p>[\/et_pb_text][\/et_pb_column][\/et_pb_row][\/et_pb_section][et_pb_section fb_built=&#8220;1&#8243; admin_label=&#8220;Our Teachers Section&#8220; _builder_version=&#8220;4.16&#8243; background_color=&#8220;#fafbfc&#8220; custom_padding=&#8220;8px|0px|110px|0px||&#8220; global_colors_info=&#8220;{}&#8220;][et_pb_row use_custom_gutter=&#8220;on&#8220; gutter_width=&#8220;2&#8243; custom_padding_last_edited=&#8220;on|desktop&#8220; _builder_version=&#8220;4.16&#8243; custom_padding=&#8220;|||&#8220; custom_padding_tablet=&#8220;0px||0px|&#8220; custom_padding_phone=&#8220;&#8220; locked=&#8220;off&#8220; global_colors_info=&#8220;{}&#8220;][et_pb_column type=&#8220;4_4&#8243; _builder_version=&#8220;4.16&#8243; custom_padding=&#8220;|||&#8220; global_colors_info=&#8220;{}&#8220; custom_padding__hover=&#8220;|||&#8220;][et_pb_text _builder_version=&#8220;4.27.2&#8243; _module_preset=&#8220;default&#8220; hover_enabled=&#8220;0&#8243; global_colors_info=&#8220;{}&#8220; sticky_enabled=&#8220;0&#8243;]<\/p>\n<p>Dies ist eine private Website von<\/p>\n<p>FREIE B\u00dcRGER WEIDHAUSEN\u00a0\u00a0und wird administriert von:<\/p>\n<p>Thomas Carl, Hallstra\u00dfe 53, 96279 Weidhausen<br \/><a href=\"mailto:info@freiebuerger-weidhausen.de\">info@freiebuerger-weidhausen.de<\/a><\/p>\n<p>Diese Website wurde mit Sorgfalt zusammengestellt. Trotzdem kann ich f\u00fcr die Fehlerhaftigkeit und Genauigkeit der enthaltenen Informationen nicht garantieren. Deshalb schlie\u00dfe ich jegliche Haftung f\u00fcr Sch\u00e4den, die direkt oder indirekt aus der Benutzung dieser Website entstehen, aus. Diese Seite ist eine rein private Homepage. Das hei\u00dft manche Aussagen k\u00f6nnten eventuell im Widerspruch zu den offiziellen Quellen liegen.<\/p>\n<p><strong>Copyright<\/strong><br \/>Alle Grafiken, Scripte und Texte des Internetangebots www.wordpress-kurzanleitung.de sind freie Software. Falls ein Inhalt das Copyright von Dritten verletzt, wird er bei entsprechendem Hinweis sofort entfernt. Alle Warenzeichen geh\u00f6ren dem jeweiligen Besitzer und alle Firmennamen und -logos sind Warenzeichen der jeweiligen Inhaber.<\/p>\n<p><strong>Disclaimer<\/strong><br \/>Auf dieser Webseite befinden sich auch Verkn\u00fcpfungen (Links) zu anderen Webseiten, die von Dritten betrieben werden. Ich mache mir die Inhalte dieser Webseiten nicht zu Eigen und bin auch nicht f\u00fcr deren Inhalte verantwortlich. Das Hamburger Landgericht hat mit Urteil vom 12. Mai 1998 (Aktenzeichen 312 O 85\/98 \u201cHaftung f\u00fcr Links\u201d) entschieden, dass man durch die Anbringung eines Links die Inhalte der gelinkten Seite ggf. mit zu verantworten hat. Dies kann nur dadurch verhindert werden, dass man sich ausdr\u00fccklich von diesen Inhalten distanziert. Hiermit distanziere ich mich ausdr\u00fccklich von allen Inhalten aller gelinkten Seiten auf unserer Webseite und mache mir diese Inhalte nicht zu Eigen. Diese Erkl\u00e4rung gilt f\u00fcr alle auf dieser Website angebrachten Links.<\/p>\n<p>WordPress ist<span>\u00a0<\/span><a title=\"Freie Software\" href=\"http:\/\/de.wikipedia.org\/wiki\/Freie_Software\">Freie Software<\/a>, die unter der<span>\u00a0<\/span><a title=\"GNU General Public License\" href=\"http:\/\/de.wikipedia.org\/wiki\/GNU_General_Public_License\">GNU General Public License<\/a><span>\u00a0<\/span>lizenziert wurde.<\/p>\n<p>[\/et_pb_text][\/et_pb_column][\/et_pb_row][\/et_pb_section]<\/p>\n","protected":false},"excerpt":{"rendered":"<p>ImpressumDies ist eine private Website von FREIE B\u00dcRGER WEIDHAUSEN\u00a0\u00a0und wird administriert von: Thomas Carl, Hallstra\u00dfe 53, 96279 Weidhauseninfo@freiebuerger-weidhausen.de Diese Website wurde mit Sorgfalt zusammengestellt. Trotzdem kann ich f\u00fcr die Fehlerhaftigkeit und Genauigkeit der enthaltenen Informationen nicht garantieren. Deshalb schlie\u00dfe ich jegliche Haftung f\u00fcr Sch\u00e4den, die direkt oder indirekt aus der Benutzung dieser Website entstehen, aus. [&hellip;]<\/p>\n","protected":false},"author":1,"featured_media":0,"parent":0,"menu_order":0,"comment_status":"closed","ping_status":"closed","template":"","meta":{"_et_pb_use_builder":"on","_et_pb_old_content":"","_et_gb_content_width":"","footnotes":""},"class_list":["post-492","page","type-page","status-publish","hentry"],"_links":{"self":[{"href":"https:\/\/www.freiebuerger-weidhausen.de\/index.php?rest_route=\/wp\/v2\/pages\/492","targetHints":{"allow":["GET"]}}],"collection":[{"href":"https:\/\/www.freiebuerger-weidhausen.de\/index.php?rest_route=\/wp\/v2\/pages"}],"about":[{"href":"https:\/\/www.freiebuerger-weidhausen.de\/index.php?rest_route=\/wp\/v2\/types\/page"}],"author":[{"embeddable":true,"href":"https:\/\/www.freiebuerger-weidhausen.de\/index.php?rest_route=\/wp\/v2\/users\/1"}],"replies":[{"embeddable":true,"href":"https:\/\/www.freiebuerger-weidhausen.de\/index.php?rest_route=%2Fwp%2Fv2%2Fcomments&post=492"}],"version-history":[{"count":4,"href":"https:\/\/www.freiebuerger-weidhausen.de\/index.php?rest_route=\/wp\/v2\/pages\/492\/revisions"}],"predecessor-version":[{"id":654,"href":"https:\/\/www.freiebuerger-weidhausen.de\/index.php?rest_route=\/wp\/v2\/pages\/492\/revisions\/654"}],"wp:attachment":[{"href":"https:\/\/www.freiebuerger-weidhausen.de\/index.php?rest_route=%2Fwp%2Fv2%2Fmedia&parent=492"}],"curies":[{"name":"wp","href":"https:\/\/api.w.org\/{rel}","templated":true}]}}