{"id":408,"date":"2025-04-04T20:06:31","date_gmt":"2025-04-04T20:06:31","guid":{"rendered":"https:\/\/dev2.n2nsoftwaredevelopment.de\/?page_id=408"},"modified":"2025-10-06T12:50:21","modified_gmt":"2025-10-06T12:50:21","slug":"gemeinderat","status":"publish","type":"page","link":"https:\/\/www.freiebuerger-weidhausen.de\/?page_id=408","title":{"rendered":"Gemeinderat"},"content":{"rendered":"<p>[et_pb_section fb_built=&#8220;1&#8243; next_background_color=&#8220;#fafbfc&#8220; admin_label=&#8220;Header&#8220; _builder_version=&#8220;4.27.2&#8243; background_color=&#8220;RGBA(255,255,255,0)&#8220; use_background_color_gradient=&#8220;on&#8220; background_color_gradient_stops=&#8220;rgba(255,255,255,0) 0%|rgba(43,135,218,0.29) 100%&#8220; custom_margin=&#8220;|||&#8220; custom_padding=&#8220;||10vw|&#8220; bottom_divider_style=&#8220;wave2&#8243; bottom_divider_height=&#8220;14vw&#8220; bottom_divider_repeat=&#8220;0.5x&#8220; bottom_divider_flip=&#8220;horizontal&#8220; locked=&#8220;off&#8220; global_colors_info=&#8220;{}&#8220;][et_pb_row _builder_version=&#8220;4.16&#8243; custom_padding=&#8220;||4px|||&#8220; global_colors_info=&#8220;{}&#8220;][et_pb_column type=&#8220;4_4&#8243; _builder_version=&#8220;4.16&#8243; custom_padding=&#8220;|||&#8220; global_colors_info=&#8220;{}&#8220; custom_padding__hover=&#8220;|||&#8220;][et_pb_text _builder_version=&#8220;4.27.2&#8243; text_font=&#8220;||||||||&#8220; text_font_size=&#8220;16px&#8220; text_line_height=&#8220;2em&#8220; header_font=&#8220;Ubuntu|700|||||||&#8220; header_font_size=&#8220;60px&#8220; header_line_height=&#8220;1.4em&#8220; header_3_font=&#8220;Ubuntu||||||||&#8220; header_3_text_color=&#8220;#bb7860&#8243; header_3_line_height=&#8220;1.8em&#8220; max_width=&#8220;700px&#8220; custom_margin=&#8220;|||&#8220; text_font_size_tablet=&#8220;&#8220; text_font_size_phone=&#8220;14px&#8220; text_font_size_last_edited=&#8220;on|desktop&#8220; header_font_size_tablet=&#8220;&#8220; header_font_size_phone=&#8220;32px&#8220; header_font_size_last_edited=&#8220;on|desktop&#8220; locked=&#8220;off&#8220; global_colors_info=&#8220;{}&#8220;]<\/p>\n<h1>Gemeinderat<\/h1>\n<p>Die Freien B\u00fcrger Weidhausen setzen sich leidenschaftlich f\u00fcr die Interessen unserer Gemeinde ein und bringen wertvolle Erfahrungen mit.<\/p>\n<p>[\/et_pb_text][\/et_pb_column][\/et_pb_row][\/et_pb_section][et_pb_section fb_built=&#8220;1&#8243; admin_label=&#8220;Our Teachers Section&#8220; _builder_version=&#8220;4.16&#8243; background_color=&#8220;#fafbfc&#8220; custom_padding=&#8220;8px|0px|110px|0px||&#8220; global_colors_info=&#8220;{}&#8220;][et_pb_row column_structure=&#8220;1_3,1_3,1_3&#8243; use_custom_gutter=&#8220;on&#8220; gutter_width=&#8220;2&#8243; custom_padding_last_edited=&#8220;on|desktop&#8220; _builder_version=&#8220;4.16&#8243; custom_padding=&#8220;|||&#8220; custom_padding_tablet=&#8220;0px||0px|&#8220; custom_padding_phone=&#8220;&#8220; locked=&#8220;off&#8220; global_colors_info=&#8220;{}&#8220;][et_pb_column type=&#8220;1_3&#8243; _builder_version=&#8220;4.16&#8243; custom_padding=&#8220;|||&#8220; global_colors_info=&#8220;{}&#8220; custom_padding__hover=&#8220;|||&#8220;][et_pb_team_member name=&#8220;Thomas Vollrath Fraktionsvorsitzender&#8220; position=&#8220;Notfallsanit\u00e4ter&#8220; image_url=&#8220;https:\/\/www.freiebuerger-weidhausen.de\/wp-content\/uploads\/2025\/08\/Locke_web-scaled.jpg&#8220; icon_color=&#8220;#44d89e&#8220; _builder_version=&#8220;4.27.2&#8243; header_font=&#8220;Poppins|500|||||||&#8220; header_text_color=&#8220;#486066&#8243; header_font_size=&#8220;18px&#8220; body_font=&#8220;Open Sans||||||||&#8220; body_line_height=&#8220;1.8em&#8220; background_color=&#8220;#ffffff&#8220; text_orientation=&#8220;center&#8220; max_width=&#8220;360px&#8220; module_alignment=&#8220;center&#8220; custom_margin=&#8220;|||&#8220; custom_padding=&#8220;30px|30px|30px|30px&#8220; animation_style=&#8220;fade&#8220; border_radii=&#8220;on|6px|6px|6px|6px&#8220; box_shadow_style=&#8220;preset1&#8243; box_shadow_vertical=&#8220;10px&#8220; box_shadow_blur=&#8220;24px&#8220; box_shadow_spread=&#8220;6px&#8220; box_shadow_color=&#8220;rgba(0,0,0,0.06)&#8220; icon_hover_color=&#8220;#353740&#8243; global_colors_info=&#8220;{}&#8220; icon_color__hover=&#8220;#353740&#8243; icon_color__hover_enabled=&#8220;on&#8220;]<\/p>\n<p>Als Gemeinderat engagiere ich mich um mitzuhelfen, Weidhausen auch weiterhin als lebens- und liebenswerte Ortschaft zu gestalten.<\/p>\n<p>[\/et_pb_team_member][\/et_pb_column][et_pb_column type=&#8220;1_3&#8243; _builder_version=&#8220;4.16&#8243; custom_padding=&#8220;|||&#8220; global_colors_info=&#8220;{}&#8220; custom_padding__hover=&#8220;|||&#8220;][et_pb_team_member name=&#8220;Manfred K\u00fcnzel&#8220; position=&#8220;Polizeibeamter im Ruhestand&#8220; image_url=&#8220;https:\/\/www.freiebuerger-weidhausen.de\/wp-content\/uploads\/2025\/08\/Manfred_web-scaled.jpg&#8220; icon_color=&#8220;#44d89e&#8220; _builder_version=&#8220;4.27.2&#8243; header_font=&#8220;Poppins|500|||||||&#8220; header_text_color=&#8220;#486066&#8243; header_font_size=&#8220;18px&#8220; body_font=&#8220;Open Sans||||||||&#8220; body_line_height=&#8220;1.8em&#8220; background_color=&#8220;#ffffff&#8220; text_orientation=&#8220;center&#8220; max_width=&#8220;360px&#8220; module_alignment=&#8220;center&#8220; custom_margin=&#8220;|||&#8220; custom_padding=&#8220;30px|30px|30px|30px&#8220; animation_style=&#8220;fade&#8220; animation_delay=&#8220;100ms&#8220; border_radii=&#8220;on|6px|6px|6px|6px&#8220; box_shadow_style=&#8220;preset1&#8243; box_shadow_vertical=&#8220;10px&#8220; box_shadow_blur=&#8220;24px&#8220; box_shadow_spread=&#8220;6px&#8220; box_shadow_color=&#8220;rgba(0,0,0,0.06)&#8220; icon_hover_color=&#8220;#353740&#8243; global_colors_info=&#8220;{}&#8220; icon_color__hover=&#8220;#353740&#8243; icon_color__hover_enabled=&#8220;on&#8220;]<\/p>\n<p><span>Ganz besonders liegt mir die Beibehaltung freiwilliger Leistungen am Herzen. Vor allem f\u00fcr unsere Sportvereine, die ehrenamtlich viele Kinder und Jugendliche betreuen, ist diese Unterst\u00fctzung wichtig.<\/span><\/p>\n<p>[\/et_pb_team_member][\/et_pb_column][et_pb_column type=&#8220;1_3&#8243; _builder_version=&#8220;4.16&#8243; custom_padding=&#8220;|||&#8220; global_colors_info=&#8220;{}&#8220; custom_padding__hover=&#8220;|||&#8220;][et_pb_team_member name=&#8220;Andr\u00e9 Faber&#8220; position=&#8220;Andr\u00e9 Faber,  Vers.kfm\/-fachwirt, Bereichsleiter&#8220; image_url=&#8220;https:\/\/www.freiebuerger-weidhausen.de\/wp-content\/uploads\/2025\/08\/Andre_web-scaled.jpg&#8220; icon_color=&#8220;#44d89e&#8220; position_last_edited=&#8220;off|desktop&#8220; _builder_version=&#8220;4.27.2&#8243; header_font=&#8220;Poppins|500|||||||&#8220; header_text_color=&#8220;#486066&#8243; header_font_size=&#8220;18px&#8220; body_font=&#8220;Open Sans||||||||&#8220; body_line_height=&#8220;1.8em&#8220; background_color=&#8220;#ffffff&#8220; text_orientation=&#8220;center&#8220; max_width=&#8220;360px&#8220; module_alignment=&#8220;center&#8220; custom_margin=&#8220;|||&#8220; custom_padding=&#8220;30px|30px|30px|30px&#8220; animation_style=&#8220;fade&#8220; animation_delay=&#8220;200ms&#8220; hover_enabled=&#8220;0&#8243; border_radii=&#8220;on|6px|6px|6px|6px&#8220; box_shadow_style=&#8220;preset1&#8243; box_shadow_vertical=&#8220;10px&#8220; box_shadow_blur=&#8220;24px&#8220; box_shadow_spread=&#8220;6px&#8220; box_shadow_color=&#8220;rgba(0,0,0,0.06)&#8220; icon_hover_color=&#8220;#353740&#8243; locked=&#8220;off&#8220; global_colors_info=&#8220;{}&#8220; icon_color__hover=&#8220;#353740&#8243; icon_color__hover_enabled=&#8220;on&#8220; sticky_enabled=&#8220;0&#8243;]<\/p>\n<p><span>Wenn man sich f\u00fcr einen Verein intensiv engagiert (Vorstand TV Weidhausen), liegt der Gedanke nahe, dies eventuell nicht nur auf Vereinsebene, sondern auch f\u00fcr das Wohl der gesamten Gemeinde zu tun. Da ich dies abseits irgendwelcher Partei-Ideologien tun m\u00f6chte, waren die Freien B\u00fcrger als Fraktion parteiloser B\u00fcrger f\u00fcr mich die logische Konsequenz. Dass\u00a0 dies die richtige Entscheidung war, zeigten mir die vergangenen 11 Jahre als Gemeinderat.<\/span><\/p>\n<p>[\/et_pb_team_member][\/et_pb_column][\/et_pb_row][et_pb_row column_structure=&#8220;1_3,1_3,1_3&#8243; use_custom_gutter=&#8220;on&#8220; gutter_width=&#8220;2&#8243; custom_padding_last_edited=&#8220;on|desktop&#8220; _builder_version=&#8220;4.16&#8243; custom_padding=&#8220;|||&#8220; custom_padding_tablet=&#8220;0px||0px|&#8220; custom_padding_phone=&#8220;&#8220; locked=&#8220;off&#8220; global_colors_info=&#8220;{}&#8220;][et_pb_column type=&#8220;1_3&#8243; _builder_version=&#8220;4.16&#8243; custom_padding=&#8220;|||&#8220; global_colors_info=&#8220;{}&#8220; custom_padding__hover=&#8220;|||&#8220;][et_pb_team_member name=&#8220;Martina Engel&#8220; position=&#8220;kaufm\u00e4nnische Angestellte bei Orthop\u00e4die-Schuhtechnik Engelhardt &#8220; image_url=&#8220;https:\/\/www.freiebuerger-weidhausen.de\/wp-content\/uploads\/2025\/08\/Martina_web-scaled.jpg&#8220; icon_color=&#8220;#44d89e&#8220; _builder_version=&#8220;4.27.2&#8243; header_font=&#8220;Poppins|500|||||||&#8220; header_text_color=&#8220;#486066&#8243; header_font_size=&#8220;18px&#8220; body_font=&#8220;Open Sans||||||||&#8220; body_line_height=&#8220;1.8em&#8220; background_color=&#8220;#ffffff&#8220; text_orientation=&#8220;center&#8220; max_width=&#8220;360px&#8220; module_alignment=&#8220;center&#8220; custom_margin=&#8220;|||&#8220; custom_padding=&#8220;30px|30px|30px|30px&#8220; animation_style=&#8220;fade&#8220; border_radii=&#8220;on|6px|6px|6px|6px&#8220; box_shadow_style=&#8220;preset1&#8243; box_shadow_vertical=&#8220;10px&#8220; box_shadow_blur=&#8220;24px&#8220; box_shadow_spread=&#8220;6px&#8220; box_shadow_color=&#8220;rgba(0,0,0,0.06)&#8220; icon_hover_color=&#8220;#353740&#8243; global_colors_info=&#8220;{}&#8220; icon_color__hover=&#8220;#353740&#8243; icon_color__hover_enabled=&#8220;on&#8220;]<\/p>\n<p><span>Durch meine T\u00e4tigkeit als Elternbeirat von Kita und Schule finde ich, dass wir tolle Bildungsm\u00f6glichkeiten f\u00fcr unsere Kinder in Weidhausen haben. Ich w\u00fcnsche mir, dass sich Tr\u00e4ger, Eltern und B\u00fcrger st\u00e4rker mit unserem Bildungshaus identifizieren und immer weiter daran arbeiten.<\/span><\/p>\n<p>[\/et_pb_team_member][\/et_pb_column][et_pb_column type=&#8220;1_3&#8243; _builder_version=&#8220;4.16&#8243; custom_padding=&#8220;|||&#8220; global_colors_info=&#8220;{}&#8220; custom_padding__hover=&#8220;|||&#8220;][et_pb_team_member name=&#8220;Peter Biewald&#8220; position=&#8220;Konditormeister im Au\u00dfendienst&#8220; image_url=&#8220;https:\/\/www.freiebuerger-weidhausen.de\/wp-content\/uploads\/2025\/08\/Peter_web-scaled.jpg&#8220; icon_color=&#8220;#44d89e&#8220; _builder_version=&#8220;4.27.2&#8243; header_font=&#8220;Poppins|500|||||||&#8220; header_text_color=&#8220;#486066&#8243; header_font_size=&#8220;18px&#8220; body_font=&#8220;Open Sans||||||||&#8220; body_line_height=&#8220;1.8em&#8220; background_color=&#8220;#ffffff&#8220; text_orientation=&#8220;center&#8220; max_width=&#8220;360px&#8220; module_alignment=&#8220;center&#8220; custom_margin=&#8220;|||&#8220; custom_padding=&#8220;30px|30px|30px|30px&#8220; animation_style=&#8220;fade&#8220; animation_delay=&#8220;100ms&#8220; border_radii=&#8220;on|6px|6px|6px|6px&#8220; box_shadow_style=&#8220;preset1&#8243; box_shadow_vertical=&#8220;10px&#8220; box_shadow_blur=&#8220;24px&#8220; box_shadow_spread=&#8220;6px&#8220; box_shadow_color=&#8220;rgba(0,0,0,0.06)&#8220; icon_hover_color=&#8220;#353740&#8243; global_colors_info=&#8220;{}&#8220; icon_color__hover=&#8220;#353740&#8243; icon_color__hover_enabled=&#8220;on&#8220;]<\/p>\n<p><span>-Neben der Mitarbeit im Gemeinderat bin ich Mitglied im Kirchenvorstand und Beisitzer im Vorstand der Begr\u00e4bniskasse. Bei der HSG Weidhausen-Ebersdorf fungiere ich als Hallensprecher bei den Heimspielen in der Frankenlandhalle.<\/span><\/p>\n<p>[\/et_pb_team_member][\/et_pb_column][et_pb_column type=&#8220;1_3&#8243; _builder_version=&#8220;4.16&#8243; custom_padding=&#8220;|||&#8220; global_colors_info=&#8220;{}&#8220; custom_padding__hover=&#8220;|||&#8220;][et_pb_team_member name=&#8220; Lena Fischer&#8220; position=&#8220;\u00c4rztin&#8220; image_url=&#8220;https:\/\/www.freiebuerger-weidhausen.de\/wp-content\/uploads\/2025\/08\/Lena_web-scaled.jpg&#8220; icon_color=&#8220;#44d89e&#8220; _builder_version=&#8220;4.27.2&#8243; header_font=&#8220;Poppins|500|||||||&#8220; header_text_color=&#8220;#486066&#8243; header_font_size=&#8220;18px&#8220; body_font=&#8220;Open Sans||||||||&#8220; body_line_height=&#8220;1.8em&#8220; background_color=&#8220;#ffffff&#8220; text_orientation=&#8220;center&#8220; max_width=&#8220;360px&#8220; module_alignment=&#8220;center&#8220; custom_margin=&#8220;|||&#8220; custom_padding=&#8220;30px|30px|30px|30px&#8220; animation_style=&#8220;fade&#8220; animation_delay=&#8220;200ms&#8220; border_radii=&#8220;on|6px|6px|6px|6px&#8220; box_shadow_style=&#8220;preset1&#8243; box_shadow_vertical=&#8220;10px&#8220; box_shadow_blur=&#8220;24px&#8220; box_shadow_spread=&#8220;6px&#8220; box_shadow_color=&#8220;rgba(0,0,0,0.06)&#8220; icon_hover_color=&#8220;#353740&#8243; locked=&#8220;off&#8220; global_colors_info=&#8220;{}&#8220; icon_color__hover=&#8220;#353740&#8243; icon_color__hover_enabled=&#8220;on&#8220;]<\/p>\n<p><span>Als geb\u00fcrtige Weidh\u00e4userin, die es nach dem Studium in W\u00fcrzburg wieder zur\u00fcck in ihre Heimat gezogen hat, m\u00f6chte ich mich sehr gerne aktiv f\u00fcr die Gemeinde, in der ich lebe, engagieren.<\/span><\/p>\n<p>[\/et_pb_team_member][\/et_pb_column][\/et_pb_row][et_pb_row column_structure=&#8220;1_3,1_3,1_3&#8243; use_custom_gutter=&#8220;on&#8220; gutter_width=&#8220;2&#8243; custom_padding_last_edited=&#8220;on|desktop&#8220; _builder_version=&#8220;4.16&#8243; custom_padding=&#8220;|||&#8220; custom_padding_tablet=&#8220;0px||0px|&#8220; custom_padding_phone=&#8220;&#8220; locked=&#8220;off&#8220; global_colors_info=&#8220;{}&#8220;][et_pb_column type=&#8220;1_3&#8243; _builder_version=&#8220;4.16&#8243; custom_padding=&#8220;|||&#8220; global_colors_info=&#8220;{}&#8220; custom_padding__hover=&#8220;|||&#8220;][et_pb_team_member name=&#8220;Dr. Larissa Hofmann&#8220; position=&#8220;Gesch\u00e4ftsf\u00fchrerin&#8220; image_url=&#8220;https:\/\/www.freiebuerger-weidhausen.de\/wp-content\/uploads\/2025\/08\/Larissa_web-scaled.jpg&#8220; icon_color=&#8220;#44d89e&#8220; _builder_version=&#8220;4.27.2&#8243; header_font=&#8220;Poppins|500|||||||&#8220; header_text_color=&#8220;#486066&#8243; header_font_size=&#8220;18px&#8220; body_font=&#8220;Open Sans||||||||&#8220; body_line_height=&#8220;1.8em&#8220; background_color=&#8220;#ffffff&#8220; text_orientation=&#8220;center&#8220; max_width=&#8220;360px&#8220; module_alignment=&#8220;center&#8220; custom_margin=&#8220;|||&#8220; custom_padding=&#8220;30px|30px|30px|30px&#8220; animation_style=&#8220;fade&#8220; animation_delay=&#8220;100ms&#8220; border_radii=&#8220;on|6px|6px|6px|6px&#8220; box_shadow_style=&#8220;preset1&#8243; box_shadow_vertical=&#8220;10px&#8220; box_shadow_blur=&#8220;24px&#8220; box_shadow_spread=&#8220;6px&#8220; box_shadow_color=&#8220;rgba(0,0,0,0.06)&#8220; icon_hover_color=&#8220;#353740&#8243; global_colors_info=&#8220;{}&#8220; icon_color__hover=&#8220;#353740&#8243; icon_color__hover_enabled=&#8220;on&#8220;]<\/p>\n<p>Meine T\u00e4tigkeit im Gemeinderat sehe ich als M\u00f6glichkeit, eine lebenswerte und zukunftsorientierte Gemeinde f\u00fcr alle mitgestalten zu d\u00fcrfen.<br \/>Dabei habe ich wirtschaftliche und unternehmerische Aspekte genauso im Blick wie die Bed\u00fcrfnisse von Familien, Senioren und Vereinen. Denn ein gutes Miteinander ist der Pulsschlag f\u00fcr ein lebendiges Gemeindeleben.<\/p>\n<p>[\/et_pb_team_member][\/et_pb_column][et_pb_column type=&#8220;1_3&#8243; _builder_version=&#8220;4.16&#8243; custom_padding=&#8220;|||&#8220; global_colors_info=&#8220;{}&#8220; custom_padding__hover=&#8220;|||&#8220;][\/et_pb_column][et_pb_column type=&#8220;1_3&#8243; _builder_version=&#8220;4.16&#8243; custom_padding=&#8220;|||&#8220; global_colors_info=&#8220;{}&#8220; custom_padding__hover=&#8220;|||&#8220;][\/et_pb_column][\/et_pb_row][\/et_pb_section]<\/p>\n","protected":false},"excerpt":{"rendered":"<p>Gemeinderat Die Freien B\u00fcrger Weidhausen setzen sich leidenschaftlich f\u00fcr die Interessen unserer Gemeinde ein und bringen wertvolle Erfahrungen mit.Als Gemeinderat engagiere ich mich um mitzuhelfen, Weidhausen auch weiterhin als lebens- und liebenswerte Ortschaft zu gestalten.Ganz besonders liegt mir die Beibehaltung freiwilliger Leistungen am Herzen. Vor allem f\u00fcr unsere Sportvereine, die ehrenamtlich viele Kinder und Jugendliche [&hellip;]<\/p>\n","protected":false},"author":1,"featured_media":0,"parent":0,"menu_order":20,"comment_status":"closed","ping_status":"closed","template":"","meta":{"_et_pb_use_builder":"on","_et_pb_old_content":"","_et_gb_content_width":"","footnotes":""},"class_list":["post-408","page","type-page","status-publish","hentry"],"_links":{"self":[{"href":"https:\/\/www.freiebuerger-weidhausen.de\/index.php?rest_route=\/wp\/v2\/pages\/408","targetHints":{"allow":["GET"]}}],"collection":[{"href":"https:\/\/www.freiebuerger-weidhausen.de\/index.php?rest_route=\/wp\/v2\/pages"}],"about":[{"href":"https:\/\/www.freiebuerger-weidhausen.de\/index.php?rest_route=\/wp\/v2\/types\/page"}],"author":[{"embeddable":true,"href":"https:\/\/www.freiebuerger-weidhausen.de\/index.php?rest_route=\/wp\/v2\/users\/1"}],"replies":[{"embeddable":true,"href":"https:\/\/www.freiebuerger-weidhausen.de\/index.php?rest_route=%2Fwp%2Fv2%2Fcomments&post=408"}],"version-history":[{"count":5,"href":"https:\/\/www.freiebuerger-weidhausen.de\/index.php?rest_route=\/wp\/v2\/pages\/408\/revisions"}],"predecessor-version":[{"id":697,"href":"https:\/\/www.freiebuerger-weidhausen.de\/index.php?rest_route=\/wp\/v2\/pages\/408\/revisions\/697"}],"wp:attachment":[{"href":"https:\/\/www.freiebuerger-weidhausen.de\/index.php?rest_route=%2Fwp%2Fv2%2Fmedia&parent=408"}],"curies":[{"name":"wp","href":"https:\/\/api.w.org\/{rel}","templated":true}]}}